{"id":497,"date":"2024-12-31T12:01:13","date_gmt":"2024-12-31T11:01:13","guid":{"rendered":"https:\/\/www.picosart.ch\/w\/?page_id=497"},"modified":"2026-03-26T18:06:58","modified_gmt":"2026-03-26T17:06:58","slug":"evenements","status":"publish","type":"page","link":"https:\/\/www.picosart.ch\/w\/evenements\/","title":{"rendered":"evenements"},"content":{"rendered":"<h2 dir=\"ltr\" style=\"text-align: center;\">\u00c9v\u00e9nements<\/h2>\n<p dir=\"ltr\">Tenez-vous au courant de nos prochains \u00e9v\u00e9nements ci-dessous. Nul besoin d\u2019\u00eatre membre pour en profiter !<\/p>\n<h2 style=\"\">Ev\u00e9nements futurs<\/h2>\n<p><span><img decoding=\"async\" alt=\"\" data-id=\"902\" width=\"169\" data-init-width=\"1000\" height=\"239\" data-init-height=\"1414\" title=\"Affiche-Kre\u0301a2TN\" src=\"https:\/\/www.picosart.ch\/w\/wp-content\/uploads\/Affiche-Krea2TN.jpg\" data-width=\"169\" data-height=\"239\" style=\"aspect-ratio: auto 1000 \/ 1414;\" loading=\"lazy\" data-link-wrap=\"true\"><\/span><\/p>\n<h3 style=\"\">Kr\u00e9asia<\/h3>\n<p>L&rsquo;association Picosart sera pr\u00e9sente \u00e0 Kr\u00e9asia, le 5 et 6 septembre 2026, \u00e0 la salle communale de Martigny (VS) ! Venez en apprendre plus sur nous, nos projets et nos membres, \u00e0 notre stand et lors d&rsquo;une conf\u00e9rence !<\/p>\n<p>Plus d&rsquo;informations sur le site web du festival.<\/p>\n<h2 style=\"\">Ev\u00e9nements pass\u00e9s<\/h2>\n","protected":false},"excerpt":{"rendered":"<p>\u00c9v\u00e9nements Tenez-vous au courant de nos prochains \u00e9v\u00e9nements ci-dessous. Nul besoin d\u2019\u00eatre membre pour en profiter ! Ev\u00e9nements futurs Kr\u00e9asia L&rsquo;association Picosart sera pr\u00e9sente \u00e0 Kr\u00e9asia, le 5 et 6 septembre 2026, \u00e0 la salle communale de Martigny (VS) ! Venez en apprendre plus sur nous, nos projets et nos membres, \u00e0 notre stand et [&hellip;]<\/p>\n","protected":false},"author":2,"featured_media":0,"parent":0,"menu_order":0,"comment_status":"closed","ping_status":"closed","template":"","meta":{"footnotes":""},"class_list":["post-497","page","type-page","status-publish","hentry","post-wrapper","thrv_wrapper"],"_links":{"self":[{"href":"https:\/\/www.picosart.ch\/w\/wp-json\/wp\/v2\/pages\/497","targetHints":{"allow":["GET"]}}],"collection":[{"href":"https:\/\/www.picosart.ch\/w\/wp-json\/wp\/v2\/pages"}],"about":[{"href":"https:\/\/www.picosart.ch\/w\/wp-json\/wp\/v2\/types\/page"}],"author":[{"embeddable":true,"href":"https:\/\/www.picosart.ch\/w\/wp-json\/wp\/v2\/users\/2"}],"replies":[{"embeddable":true,"href":"https:\/\/www.picosart.ch\/w\/wp-json\/wp\/v2\/comments?post=497"}],"version-history":[{"count":18,"href":"https:\/\/www.picosart.ch\/w\/wp-json\/wp\/v2\/pages\/497\/revisions"}],"predecessor-version":[{"id":918,"href":"https:\/\/www.picosart.ch\/w\/wp-json\/wp\/v2\/pages\/497\/revisions\/918"}],"wp:attachment":[{"href":"https:\/\/www.picosart.ch\/w\/wp-json\/wp\/v2\/media?parent=497"}],"curies":[{"name":"wp","href":"https:\/\/api.w.org\/{rel}","templated":true}]}}