{"id":60,"date":"2024-12-31T12:11:08","date_gmt":"2024-12-31T11:11:08","guid":{"rendered":"https:\/\/www.picosart.ch\/w\/?page_id=60"},"modified":"2026-03-16T09:46:57","modified_gmt":"2026-03-16T08:46:57","slug":"accueil","status":"publish","type":"page","link":"https:\/\/www.picosart.ch\/w\/","title":{"rendered":"Accueil"},"content":{"rendered":"<h2 style=\"text-align: center;\">L&rsquo;association Picosart<\/h2>\n<p dir=\"ltr\">Picosart est une jeune association \u00e0 but non lucratif, dont le but est de soutenir et promouvoir la pop-culture en Suisse \u00e0 travers divers prismes.<\/p>\n<p dir=\"ltr\">Les principaux domaines mis en avant par l\u2019association sont la photo, l\u2019illustration et le cosplay, et toute autre forme d\u2019expression cr\u00e9ative port\u00e9e par ses membres.<\/p>\n<p dir=\"ltr\">Nous souhaitons rassembler les artistes passionn\u00e9\u00b7es \u00e0 travers nos diff\u00e9rents projets et \u00e9v\u00e9nements \u00e9clectiques !&nbsp;<\/p>\n<p dir=\"ltr\">N\u2019h\u00e9sitez pas \u00e0 parcourir le site pour d\u00e9couvrir notre univers.<\/p>\n<p dir=\"ltr\">L\u2019aventure vous tente ? Vous souhaitez vous investir dans la mise en place de nos \u00e9v\u00e9nements ou encore partager votre passion au sein de l\u2019association et \u00e0 travers la Suisse, n&rsquo;h\u00e9sitez pas \u00e0 nous rejoindre par ici !<\/p>\n<p dir=\"ltr\" style=\"\">Vous pouvez \u00e9galement soutenir l&rsquo;association Picosart en faisant un don, ou en participant \u00e0 nos \u00e9v\u00e9nements.<\/p>\n<p dir=\"ltr\" style=\"text-align: left;\">N&rsquo;h\u00e9sitez pas \u00e0 nous suivre sur les r\u00e9seaux sociaux !&nbsp;<\/p>\n<p><a href=\"https:\/\/www.instagram.com\/picosart_swiss\/\" target=\"_blank\" rel=\"nofollow\" data-id=\"icon-instagram\"><span>                     <\/span><\/a><a href=\"https:\/\/discord.gg\/Z4ezqWm3\" target=\"_blank\" rel=\"nofollow\" data-id=\"icon-link\"><span> <!--! Font Awesome Free 6.7.1 by @fontawesome - https:\/\/fontawesome.com License - https:\/\/fontawesome.com\/license\/free (Icons: CC BY 4.0, Fonts: SIL OFL 1.1, Code: MIT License) Copyright 2024 Fonticons, Inc. --><\/span><\/a><a href=\"https:\/\/www.facebook.com\/profile.php?id=61563517656635\" target=\"_blank\" rel=\"nofollow\" data-id=\"icon-facebook\"><span>                     <\/span><\/a><a href=\"https:\/\/www.linkedin.com\/company\/picosart\/?viewAsMember=true\" target=\"_blank\" rel=\"nofollow\" data-dynamic-link=\"thrive_global_fields_url\" data-shortcode-id=\"in\" data-id=\"icon-linkedin\"><span>                     <\/span><\/a><\/p>\n<h2 style=\"text-align: center;\">Comit\u00e9<\/h2>\n<p><span style=\"\"><img decoding=\"async\" alt=\"\" data-id=\"559\" width=\"340\" height=\"340\" title=\"Photoformatpasseport2\" src=\"https:\/\/www.picosart.ch\/w\/wp-content\/uploads\/Photoformatpasseport2.jpg\" style=\"aspect-ratio: auto 2013 \/ 2015;\" data-width=\"340\" data-height=\"340\" data-init-width=\"2013\" data-init-height=\"2015\" loading=\"lazy\" mt-d=\"0\" ml-d=\"-2.6620000000000346\" center-h-d=\"false\" center-v-d=\"false\"><\/span><\/p>\n<p>William Frily Aka Willy Studio<\/p>\n<p>Pr\u00e9sident<\/p>\n<p><span style=\"\"><img decoding=\"async\" alt=\"\" data-id=\"568\" width=\"340\" height=\"340\" title=\"20231128_150527 (1)\" src=\"https:\/\/www.picosart.ch\/w\/wp-content\/uploads\/20231128_150527-1-scaled.jpg\" style=\"aspect-ratio: auto 1920 \/ 2560;\" data-width=\"340\" data-height=\"340\" data-init-width=\"1920\" data-init-height=\"2560\" loading=\"lazy\" mt-d=\"0\" ml-d=\"-2.6620000000000346\" center-h-d=\"false\" center-v-d=\"false\"><\/span><\/p>\n<p>Julie Barry Aka Zilly<\/p>\n<p>Vice-pr\u00e9sidente<\/p>\n<p><span style=\"\"><img decoding=\"async\" alt=\"\" data-id=\"597\" width=\"340\" height=\"340\" title=\"8X2A9672\" src=\"https:\/\/www.picosart.ch\/w\/wp-content\/uploads\/8X2A9672-scaled.jpg\" style=\"aspect-ratio: auto 1707 \/ 2560;\" data-width=\"340\" data-height=\"340\" data-init-width=\"1707\" data-init-height=\"2560\" loading=\"lazy\" mt-d=\"0\" ml-d=\"-2.6620000000000346\" center-h-d=\"false\" center-v-d=\"false\"><\/span><\/p>\n<p>Gerald Thiebault aka Adraste<\/p>\n<p>Tr\u00e9sorier<\/p>\n<h2 style=\"text-align: center;\">Sponsors et partenaires<\/h2>\n<\/p>\n<p><span style=\"\"><a href=\"https:\/\/www.kissui.moe\/j\/\" target=\"_blank\"><img decoding=\"async\" alt=\"\" data-id=\"684\" width=\"248\" height=\"188\" title=\"kissui\" src=\"https:\/\/www.picosart.ch\/w\/wp-content\/uploads\/kissui.png\" style=\"aspect-ratio: auto 1677 \/ 1276;\" mt-d=\"0\" center-v-d=\"false\" mt-t=\"0\" data-width=\"248\" data-height=\"188\" data-init-width=\"1677\" data-init-height=\"1276\" ml-d=\"-0.29699999999999704\" center-h-d=\"false\" data-link-wrap=\"true\" ml-m=\"-0.9060000000000059\" mt-m=\"0\" ml-t=\"-0.016000000000019554\" loading=\"lazy\"><\/a><\/span><span style=\"\"><a href=\"https:\/\/cosplaysmart.com\/\" target=\"_blank\"><img decoding=\"async\" alt=\"\" data-id=\"721\" width=\"248\" height=\"188\" title=\"Logo Cosplay Smart _ re\u0301duit\" src=\"https:\/\/www.picosart.ch\/w\/wp-content\/uploads\/Logo-Cosplay-Smart-_-reduit.png\" style=\"aspect-ratio: auto 934 \/ 509;\" mt-d=\"0\" mt-t=\"0\" center-v-d=\"false\" data-width=\"248\" data-height=\"188\" data-init-width=\"934\" data-init-height=\"509\" ml-d=\"-0.29699999999999704\" center-h-d=\"false\" data-link-wrap=\"true\" ml-m=\"-0.9060000000000059\" mt-m=\"0\" ml-t=\"-0.016000000000019554\" loading=\"lazy\"><\/a><\/span><span style=\"\"><a href=\"https:\/\/willystudio.ch\/\" target=\"_blank\"><img decoding=\"async\" alt=\"\" data-id=\"866\" width=\"248\" height=\"188\" title=\"\" src=\"https:\/\/www.picosart.ch\/w\/wp-content\/uploads\/willystudio.png\" style=\"aspect-ratio: auto 500 \/ 298;\" mt-d=\"0\" center-v-d=\"false\" mt-t=\"0\" data-width=\"248\" data-height=\"188\" data-init-width=\"500\" data-init-height=\"298\" ml-d=\"-0.29699999999999704\" center-h-d=\"false\" data-link-wrap=\"true\" ml-m=\"-0.9060000000000059\" mt-m=\"0\" ml-t=\"-0.016000000000019554\" loading=\"lazy\"><\/a><\/span><\/p>\n","protected":false},"excerpt":{"rendered":"<p>L&rsquo;association Picosart Picosart est une jeune association \u00e0 but non lucratif, dont le but est de soutenir et promouvoir la pop-culture en Suisse \u00e0 travers divers prismes. Les principaux domaines mis en avant par l\u2019association sont la photo, l\u2019illustration et le cosplay, et toute autre forme d\u2019expression cr\u00e9ative port\u00e9e par ses membres. Nous souhaitons rassembler [&hellip;]<\/p>\n","protected":false},"author":2,"featured_media":0,"parent":0,"menu_order":0,"comment_status":"closed","ping_status":"closed","template":"","meta":{"footnotes":""},"class_list":["post-60","page","type-page","status-publish","hentry","post-wrapper","thrv_wrapper"],"_links":{"self":[{"href":"https:\/\/www.picosart.ch\/w\/wp-json\/wp\/v2\/pages\/60","targetHints":{"allow":["GET"]}}],"collection":[{"href":"https:\/\/www.picosart.ch\/w\/wp-json\/wp\/v2\/pages"}],"about":[{"href":"https:\/\/www.picosart.ch\/w\/wp-json\/wp\/v2\/types\/page"}],"author":[{"embeddable":true,"href":"https:\/\/www.picosart.ch\/w\/wp-json\/wp\/v2\/users\/2"}],"replies":[{"embeddable":true,"href":"https:\/\/www.picosart.ch\/w\/wp-json\/wp\/v2\/comments?post=60"}],"version-history":[{"count":70,"href":"https:\/\/www.picosart.ch\/w\/wp-json\/wp\/v2\/pages\/60\/revisions"}],"predecessor-version":[{"id":887,"href":"https:\/\/www.picosart.ch\/w\/wp-json\/wp\/v2\/pages\/60\/revisions\/887"}],"wp:attachment":[{"href":"https:\/\/www.picosart.ch\/w\/wp-json\/wp\/v2\/media?parent=60"}],"curies":[{"name":"wp","href":"https:\/\/api.w.org\/{rel}","templated":true}]}}